{"id":12,"date":"2024-03-06T15:30:37","date_gmt":"2024-03-06T14:30:37","guid":{"rendered":"https:\/\/mrhobby-europe.com\/?page_id=12"},"modified":"2026-05-13T17:36:03","modified_gmt":"2026-05-13T15:36:03","slug":"impressum","status":"publish","type":"page","link":"https:\/\/mrhobby-europe.com\/de\/impressum\/","title":{"rendered":"Impressum"},"content":{"rendered":"<p><strong>GSI Europe \u2013 Import + Export GmbH<\/strong><br \/>\nLouise-Dumont Str. 31<br \/>\n40211 D\u00fcsseldorf \/ Germany<\/p>\n<p><strong>Kontakt<\/strong><br \/>\nTel: +49 (0)211 16 65 94 0<br \/>\n<a href=\"mailto:info@gsieurope.de\">info@gsieurope.de<\/a><\/p>\n<p>Vertretungsberechtigter Gesch\u00e4ftsf\u00fchrer: T. Ouchi<\/p>\n<p>Handelsregistereintrag: Amtsgericht D\u00fcsseldorf HRB 12053<br \/>\n\u2028Umsatzsteuer-Identifikationsnummer gem\u00e4\u00df \u00a7 27a Umsatzsteuergesetz: DE121295701<\/p>\n<p>Verantwortlich f\u00fcr den Inhalt nach \u00a7 55 Abs. 2 RStV: T. Ouchi<\/p>\n","protected":false},"excerpt":{"rendered":"<p>GSI Europe \u2013 Import + Export GmbH Louise-Dumont Str. 31 40211 D\u00fcsseldorf \/ Germany Kontakt Tel: +49 (0)211 16 65 94 0 info@gsieurope.de Vertretungsberechtigter Gesch\u00e4ftsf\u00fchrer: T. Ouchi Handelsregistereintrag: Amtsgericht D\u00fcsseldorf HRB 12053 \u2028Umsatzsteuer-Identifikationsnummer gem\u00e4\u00df \u00a7 27a Umsatzsteuergesetz: DE121295701 Verantwortlich f\u00fcr den Inhalt nach \u00a7 55 Abs. 2 RStV: T. Ouchi<\/p>\n","protected":false},"author":1,"featured_media":0,"parent":0,"menu_order":0,"comment_status":"closed","ping_status":"closed","template":"","meta":{"_acf_changed":false,"inline_featured_image":false,"_trash_the_other_posts":false,"editor_notices":[],"footnotes":""},"class_list":["post-12","page","type-page","status-publish","hentry"],"acf":[],"_links":{"self":[{"href":"https:\/\/mrhobby-europe.com\/de\/wp-json\/wp\/v2\/pages\/12","targetHints":{"allow":["GET"]}}],"collection":[{"href":"https:\/\/mrhobby-europe.com\/de\/wp-json\/wp\/v2\/pages"}],"about":[{"href":"https:\/\/mrhobby-europe.com\/de\/wp-json\/wp\/v2\/types\/page"}],"author":[{"embeddable":true,"href":"https:\/\/mrhobby-europe.com\/de\/wp-json\/wp\/v2\/users\/1"}],"replies":[{"embeddable":true,"href":"https:\/\/mrhobby-europe.com\/de\/wp-json\/wp\/v2\/comments?post=12"}],"version-history":[{"count":2,"href":"https:\/\/mrhobby-europe.com\/de\/wp-json\/wp\/v2\/pages\/12\/revisions"}],"predecessor-version":[{"id":9489,"href":"https:\/\/mrhobby-europe.com\/de\/wp-json\/wp\/v2\/pages\/12\/revisions\/9489"}],"wp:attachment":[{"href":"https:\/\/mrhobby-europe.com\/de\/wp-json\/wp\/v2\/media?parent=12"}],"curies":[{"name":"wp","href":"https:\/\/api.w.org\/{rel}","templated":true}]}}