{"id":84,"date":"2024-03-08T14:53:55","date_gmt":"2024-03-08T13:53:55","guid":{"rendered":"https:\/\/mrhobby-europe.com\/?page_id=84"},"modified":"2025-09-25T12:09:30","modified_gmt":"2025-09-25T10:09:30","slug":"ueber-uns","status":"publish","type":"page","link":"https:\/\/mrhobby-europe.com\/de\/ueber-uns\/","title":{"rendered":"\u00dcber uns"},"content":{"rendered":"<p><img loading=\"lazy\" decoding=\"async\" class=\"size-full wp-image-3427 aligncenter\" src=\"https:\/\/mrhobby-europe.com\/wp-content\/uploads\/sites\/2\/2024\/09\/about-us_01.jpg\" alt=\"\" width=\"721\" height=\"249\" srcset=\"https:\/\/mrhobby-europe.com\/de\/wp-content\/uploads\/sites\/2\/2024\/09\/about-us_01.jpg 721w, https:\/\/mrhobby-europe.com\/de\/wp-content\/uploads\/sites\/2\/2024\/09\/about-us_01-300x104.jpg 300w\" sizes=\"auto, (max-width: 721px) 100vw, 721px\" \/><\/p>\n<p><h2 class=\"hl--squares\">Was ist Mr. Hobby?<\/h2><br \/>\nMr. Hobby ist der Markenname aller modellbaubezogenen Produkte, die von der GSI Creos Hobby-Abteilung hergestellt werden.<\/p>\n<div class=\"squares-separator\"><\/div>\n<p style=\"text-align: center; margin-top: 2.5rem;\"><strong><span style=\"color: #004ea1;\">Wir m\u00f6chten alle immerzu dabei unterst\u00fctzen, ein unterhaltsameres und kreativeres Modellbauerlebnis zu erfahren.<\/span><\/strong><\/p>\n<p style=\"text-align: center;\"><strong><span style=\"color: #004ea1;\">Wir m\u00f6chten Pioniere sein, die zusammen mit der Kreativit\u00e4t unserer Benutzer neue Dinge in die Modellbauwelt einbringen.<\/span><\/strong><\/p>\n<p style=\"text-align: center;\"><strong><span style=\"color: #004ea1;\">Mit diesen Gedanken im Kopf haben wir unseren Produkten den Markennamen \u201eMr. Hobby\u201c gegeben.<\/span><\/strong><\/p>\n<p style=\"text-align: center; margin-bottom: 2.5rem;\"><strong><span style=\"color: #004ea1;\">\u201eMr. Hobby\u201c steht f\u00fcr hochwertige Hobbyfarben und Zubeh\u00f6r und repr\u00e4sentiert alle Benutzer, die Modellbau lieben und GSI Creos-Produkte bevorzugen.<\/span><\/strong><\/p>\n<div class=\"squares-separator\"><\/div>\n<p>Als Teil des Unternehmens \u201eGSI Creos\u201c (ehemals \u201eGunze Sangyo\u201c) ist \u201eMr. Hobby&#8220; heute Marktf\u00fchrer in Japan und eine der bevorzugten Marken professioneller Modellbauer auf der ganzen Welt.<\/p>\n<p><img loading=\"lazy\" decoding=\"async\" class=\"size-full wp-image-8262 aligncenter\" src=\"https:\/\/mrhobby-europe.com\/de\/wp-content\/uploads\/sites\/2\/2024\/09\/about-us_DE_02.jpg\" alt=\"\" width=\"700\" height=\"350\" srcset=\"https:\/\/mrhobby-europe.com\/de\/wp-content\/uploads\/sites\/2\/2024\/09\/about-us_DE_02.jpg 700w, https:\/\/mrhobby-europe.com\/de\/wp-content\/uploads\/sites\/2\/2024\/09\/about-us_DE_02-300x150.jpg 300w\" sizes=\"auto, (max-width: 700px) 100vw, 700px\" \/><br \/>\n<h2 class=\"hl--squares\">Geschichte<\/h2><br \/>\nWerkzeuge und Farben sind f\u00fcr den Plastikmodellbau unverzichtbar. Dies gilt insbesondere, wenn man qualitativ hochwertigere Arbeiten erstellen m\u00f6chte. Der erste Plastikmodellbau-Boom in Japan fand in den 1960er Jahren statt, also vor mehr als einem halben Jahrhundert.<\/p>\n<p>Damals gab es auf dem Markt noch keine Werkzeuge und Farben speziell f\u00fcr Plastikmodelle wie heute.<\/p>\n<p>In diesem Umfeld brachte Gunze Sangyos \u201eMaterial-Abteilung\u201c (der Vorg\u00e4nger der heutigen GSI Creos Hobby-Abteilung) die l\u00f6semittelbasierte Acrylharzfarbe \u201eLevel Color\u201c auf den Markt. Im Gegensatz zu Modellfarben, die man selbst mischen musste, war dies eine Farbe, die speziell f\u00fcr Plastikmodelle entwickelt wurde und auch Milit\u00e4rfarben umfasste. In Verbindung mit dem Boom hat sich Level Color als Farbe f\u00fcr Plastikmodelle weit verbreitet.<\/p>\n<p>Einige von euch haben vielleicht in der Vergangenheit unsere Level Color verwendet.<\/p>\n<p>In den 1970er Jahren begann Revell, ein amerikanischer Plastikmodellhersteller, mit dem Verkauf seiner Plastikmodelle in Japan. Die Serie umfasste von Gunze Sangyo (heute GSI Creos) entwickelte Modelle und trug damit zur Verbreitung von ma\u00dfstabsgetreuen Modellen bei.<\/p>\n<p>Daraufhin wurden Farben f\u00fcr Plastikmodelle von ausl\u00e4ndischen und anderen inl\u00e4ndischen Herstellern in Japan auf den Markt gebracht, Level Color blieb weiterhin ein Synonym f\u00fcr Farben f\u00fcr Plastikmodelle.<\/p>\n<p>Im Jahr 1977 \u00e4nderte Level Color seinen Namen in Mr. Color. Danach begann Gunze Sangyo mit dem Verkauf von wasserbasierten Hobbyfarben und entwickelte Spachtelmassen, Klebstoffe und Werkzeuge f\u00fcr Plastikmodelle, wodurch das Unternehmen seine Position als Hersteller festigte.<\/p>\n<p>Gunze Sangyo widmete sich auch der Entwicklung, dem Verkauf und der Popularisierung von Airbrushes und Kompressoren, die urspr\u00fcnglich f\u00fcr die Kunst verwendet wurden und nun f\u00fcr den Hobbybereich eingesetzt werden. Im Jahr 2001 \u00e4nderte das Unternehmen seinen Namen von Gunze Sangyo zu GSI Creos. Es hat sich als f\u00fchrender Hersteller von Werkzeugen f\u00fcr Plastikmodelle mit ihrer Marke Mr. Hobby etabliert. Die Farben und Werkzeuge des Unternehmens gehen \u00fcber den Bereich von ma\u00dfstabsgetreuen Modellen hinaus und eignen sich f\u00fcr eine Vielzahl von Modellen und Figuren. Wie ihr alle wisst verwenden Modellbauhersteller wie Hasegawa, Bandai, Fujimi, Dragon und viele andere Hersteller in Japan und im Ausland bei der Angabe von Farben die Farbbezeichnungen von \u201eMr. Color\u201c in ihren Anleitungen.<\/p>\n<p>In den letzten Jahren hat das Unternehmen auch eine Vielzahl von Produktions- und Malwerkzeugen verkauft, darunter Lackierkabinen, Trockenkabinen und \u201eMr. Brushes\u201c. Die Anzahl der Artikel \u00fcberschreitet mittlerweile 200.<\/p>\n<p>In Bezug auf Farben bietet das Unternehmen als Hauptprodukt \u201eMr. Color\u201c an, au\u00dferdem die wasserbasierten Hobbyfarben \u201eAqueous Hobby Color\u201c, den \u201eIro no Gen\u201c-Basisfarbmischer sowie die h\u00f6herwertige GX-Serie, Metallic-Farben und Pastellfarben. Die neueste Farbe, \u201eAcrysion\u201c erfreut sich aufgrund ihres reduzierten Geruchs und ihrer unsch\u00e4dlichen Zusammensetzung ebenfalls immer gr\u00f6\u00dferer Beliebtheit. Das Unternehmen bietet auch eine Reihe spezieller Farbsets f\u00fcr Flugzeuge, Panzer und Schiffe sowie spezielle Farbsets f\u00fcr Charaktermodelle wie z.B. Gunpla an.<\/p>\n<p>Unter Modellbauern gilt die Marke Mr. Hobby heute als ein erstklassiger Hersteller von Farben und Werkzeugen, die den hohen Anforderungen des professionellen Modellbaus gerecht werden.<\/p>\n","protected":false},"excerpt":{"rendered":"<p>Mr. Hobby ist der Markenname aller modellbaubezogenen Produkte, die von der GSI Creos Hobby-Abteilung hergestellt werden. Wir m\u00f6chten alle immerzu dabei unterst\u00fctzen, ein unterhaltsameres und kreativeres Modellbauerlebnis zu erfahren. Wir m\u00f6chten Pioniere sein, die zusammen mit der Kreativit\u00e4t unserer Benutzer neue Dinge in die Modellbauwelt einbringen. Mit diesen Gedanken im Kopf haben wir unseren Produkten [&hellip;]<\/p>\n","protected":false},"author":1,"featured_media":0,"parent":0,"menu_order":0,"comment_status":"closed","ping_status":"closed","template":"","meta":{"_acf_changed":false,"inline_featured_image":false,"_trash_the_other_posts":false,"editor_notices":[],"footnotes":""},"class_list":["post-84","page","type-page","status-publish","hentry"],"acf":[],"_links":{"self":[{"href":"https:\/\/mrhobby-europe.com\/de\/wp-json\/wp\/v2\/pages\/84","targetHints":{"allow":["GET"]}}],"collection":[{"href":"https:\/\/mrhobby-europe.com\/de\/wp-json\/wp\/v2\/pages"}],"about":[{"href":"https:\/\/mrhobby-europe.com\/de\/wp-json\/wp\/v2\/types\/page"}],"author":[{"embeddable":true,"href":"https:\/\/mrhobby-europe.com\/de\/wp-json\/wp\/v2\/users\/1"}],"replies":[{"embeddable":true,"href":"https:\/\/mrhobby-europe.com\/de\/wp-json\/wp\/v2\/comments?post=84"}],"version-history":[{"count":6,"href":"https:\/\/mrhobby-europe.com\/de\/wp-json\/wp\/v2\/pages\/84\/revisions"}],"predecessor-version":[{"id":8891,"href":"https:\/\/mrhobby-europe.com\/de\/wp-json\/wp\/v2\/pages\/84\/revisions\/8891"}],"wp:attachment":[{"href":"https:\/\/mrhobby-europe.com\/de\/wp-json\/wp\/v2\/media?parent=84"}],"curies":[{"name":"wp","href":"https:\/\/api.w.org\/{rel}","templated":true}]}}